{"id":78,"date":"2015-12-29T11:53:09","date_gmt":"2015-12-29T16:53:09","guid":{"rendered":"http:\/\/jeroca.com\/fr\/?page_id=78"},"modified":"2015-12-29T11:55:43","modified_gmt":"2015-12-29T16:55:43","slug":"terrassement","status":"publish","type":"page","link":"https:\/\/www.jeroca.com\/fr\/services\/terrassement\/","title":{"rendered":"Terrassement"},"content":{"rendered":"<p>[vc_row][vc_column width=&#8221;1\/4&#8243;][\/vc_column][vc_column width=&#8221;1\/2&#8243;][vc_column_text]Ce service est en pleine expansion. La fourniture, le nivellement, la pose de remblai, de concass\u00e9, de terre v\u00e9g\u00e9tale (topsoil), de gazon en plaques et la plantation d\u2019arbres sont maintenant chose courante durant la saison estivale et ce, jusqu\u2019\u00e0 la fin octobre.[\/vc_column_text][\/vc_column][vc_column width=&#8221;1\/4&#8243;][\/vc_column][\/vc_row][vc_row][vc_column width=&#8221;1\/4&#8243;][\/vc_column][vc_column width=&#8221;1\/2&#8243;][\/vc_column][vc_column width=&#8221;1\/4&#8243;][\/vc_column][\/vc_row]<\/p>\n","protected":false},"excerpt":{"rendered":"<p>[vc_row][vc_column width=&#8221;1\/4&#8243;][\/vc_column][vc_column width=&#8221;1\/2&#8243;][vc_column_text]Ce service est en pleine expansion. La fourniture, le nivellement, la pose de remblai, de concass\u00e9, de terre v\u00e9g\u00e9tale (topsoil), de gazon en plaques et la plantation d\u2019arbres sont maintenant chose courante durant la saison estivale et ce, jusqu\u2019\u00e0 la fin octobre.[\/vc_column_text][\/vc_column][vc_column width=&#8221;1\/4&#8243;][\/vc_column][\/vc_row][vc_row][vc_column width=&#8221;1\/4&#8243;][\/vc_column][vc_column width=&#8221;1\/2&#8243;][\/vc_column][vc_column width=&#8221;1\/4&#8243;][\/vc_column][\/vc_row]<\/p>\n","protected":false},"author":1,"featured_media":0,"parent":14,"menu_order":0,"comment_status":"closed","ping_status":"closed","template":"template-fullwidth.php","meta":{"footnotes":""},"class_list":["post-78","page","type-page","status-publish","hentry"],"_links":{"self":[{"href":"https:\/\/www.jeroca.com\/fr\/wp-json\/wp\/v2\/pages\/78","targetHints":{"allow":["GET"]}}],"collection":[{"href":"https:\/\/www.jeroca.com\/fr\/wp-json\/wp\/v2\/pages"}],"about":[{"href":"https:\/\/www.jeroca.com\/fr\/wp-json\/wp\/v2\/types\/page"}],"author":[{"embeddable":true,"href":"https:\/\/www.jeroca.com\/fr\/wp-json\/wp\/v2\/users\/1"}],"replies":[{"embeddable":true,"href":"https:\/\/www.jeroca.com\/fr\/wp-json\/wp\/v2\/comments?post=78"}],"version-history":[{"count":2,"href":"https:\/\/www.jeroca.com\/fr\/wp-json\/wp\/v2\/pages\/78\/revisions"}],"predecessor-version":[{"id":80,"href":"https:\/\/www.jeroca.com\/fr\/wp-json\/wp\/v2\/pages\/78\/revisions\/80"}],"up":[{"embeddable":true,"href":"https:\/\/www.jeroca.com\/fr\/wp-json\/wp\/v2\/pages\/14"}],"wp:attachment":[{"href":"https:\/\/www.jeroca.com\/fr\/wp-json\/wp\/v2\/media?parent=78"}],"curies":[{"name":"wp","href":"https:\/\/api.w.org\/{rel}","templated":true}]}}