{"id":76,"date":"2015-12-29T11:48:44","date_gmt":"2015-12-29T16:48:44","guid":{"rendered":"http:\/\/jeroca.com\/fr\/?page_id=76"},"modified":"2023-04-11T14:17:38","modified_gmt":"2023-04-11T18:17:38","slug":"marquage_signalisation","status":"publish","type":"page","link":"https:\/\/www.jeroca.com\/fr\/services\/marquage_signalisation\/","title":{"rendered":"Marquage et signalisation"},"content":{"rendered":"<p>[vc_row][vc_column width=&#8221;1\/6&#8243;][\/vc_column][vc_column width=&#8221;2\/3&#8243;][titleblock title=&#8221;Marquage routier&#8221;][vc_column_text]Les Entreprises Jeroca Inc. n\u2019offrent pas encore ce service. Qui sait pour l\u2019avenir ?[\/vc_column_text][\/vc_column][vc_column width=&#8221;1\/6&#8243;][\/vc_column][\/vc_row][vc_row][vc_column width=&#8221;1\/6&#8243;][\/vc_column][vc_column width=&#8221;2\/3&#8243;][titleblock title=&#8221;Marquage de lignes pour les cours d\u2019\u00e9cole et terrains de jeux&#8221;][vc_column_text]Nous offrons une gamme vari\u00e9e de jeux (marelles, terrains de basketball, terrains de ballon chasseur, corridors d\u2019athl\u00e9tisme, etc.). Plusieurs couleurs sont utilis\u00e9es pour \u00e9gayer le tout (jaune, vert, bleu, rouge, blanc, etc.)[\/vc_column_text][\/vc_column][vc_column width=&#8221;1\/6&#8243;][\/vc_column][\/vc_row][vc_row][vc_column width=&#8221;1\/6&#8243;][\/vc_column][vc_column width=&#8221;2\/3&#8243;][titleblock title=&#8221;Marquage de lignes pour les stationnements&#8221;][vc_column_text]Vous voulez de nouvelles lignes dans votre stationnement ou tout simplement rafraichir celles-ci ? Nous offrons ce service. Vous pouvez ajouter des fl\u00e8ches et des bandes pour traverse de pi\u00e9tons, faire l\u2019ajout de pictogrammes de personne handicap\u00e9e et de \u00ab\u00a0no parking\u00a0\u00bb\u2026 Le tout dans le but de rendre votre stationnement s\u00e9curitaire et de permettre une circulation fluide.<\/p>\n<p>[\/vc_column_text][\/vc_column][vc_column width=&#8221;1\/6&#8243;][\/vc_column][\/vc_row]<\/p>\n","protected":false},"excerpt":{"rendered":"<p>[vc_row][vc_column width=&#8221;1\/6&#8243;][\/vc_column][vc_column width=&#8221;2\/3&#8243;][titleblock title=&#8221;Marquage routier&#8221;][vc_column_text]Les Entreprises Jeroca Inc. n\u2019offrent pas encore ce service. Qui sait pour l\u2019avenir ?[\/vc_column_text][\/vc_column][vc_column width=&#8221;1\/6&#8243;][\/vc_column][\/vc_row][vc_row][vc_column width=&#8221;1\/6&#8243;][\/vc_column][vc_column width=&#8221;2\/3&#8243;][titleblock title=&#8221;Marquage de lignes pour les cours d\u2019\u00e9cole et terrains de jeux&#8221;][vc_column_text]Nous offrons une gamme vari\u00e9e de jeux (marelles, terrains de basketball, terrains de ballon chasseur, corridors d\u2019athl\u00e9tisme, etc.). Plusieurs couleurs sont utilis\u00e9es pour \u00e9gayer [&hellip;]<\/p>\n","protected":false},"author":1,"featured_media":0,"parent":14,"menu_order":0,"comment_status":"closed","ping_status":"closed","template":"template-fullwidth.php","meta":{"footnotes":""},"class_list":["post-76","page","type-page","status-publish","hentry"],"_links":{"self":[{"href":"https:\/\/www.jeroca.com\/fr\/wp-json\/wp\/v2\/pages\/76","targetHints":{"allow":["GET"]}}],"collection":[{"href":"https:\/\/www.jeroca.com\/fr\/wp-json\/wp\/v2\/pages"}],"about":[{"href":"https:\/\/www.jeroca.com\/fr\/wp-json\/wp\/v2\/types\/page"}],"author":[{"embeddable":true,"href":"https:\/\/www.jeroca.com\/fr\/wp-json\/wp\/v2\/users\/1"}],"replies":[{"embeddable":true,"href":"https:\/\/www.jeroca.com\/fr\/wp-json\/wp\/v2\/comments?post=76"}],"version-history":[{"count":2,"href":"https:\/\/www.jeroca.com\/fr\/wp-json\/wp\/v2\/pages\/76\/revisions"}],"predecessor-version":[{"id":275,"href":"https:\/\/www.jeroca.com\/fr\/wp-json\/wp\/v2\/pages\/76\/revisions\/275"}],"up":[{"embeddable":true,"href":"https:\/\/www.jeroca.com\/fr\/wp-json\/wp\/v2\/pages\/14"}],"wp:attachment":[{"href":"https:\/\/www.jeroca.com\/fr\/wp-json\/wp\/v2\/media?parent=76"}],"curies":[{"name":"wp","href":"https:\/\/api.w.org\/{rel}","templated":true}]}}