{"id":74,"date":"2015-12-29T11:44:34","date_gmt":"2015-12-29T16:44:34","guid":{"rendered":"http:\/\/jeroca.com\/fr\/?page_id=74"},"modified":"2015-12-29T11:44:34","modified_gmt":"2015-12-29T16:44:34","slug":"balayage_mecanique","status":"publish","type":"page","link":"https:\/\/www.jeroca.com\/fr\/services\/balayage_mecanique\/","title":{"rendered":"Balayage m\u00e9canique"},"content":{"rendered":"<p>[vc_row][vc_column width=&#8221;1\/4&#8243;][\/vc_column][vc_column width=&#8221;1\/2&#8243;][titleblock title=&#8221;Balayage municipal&#8221;][vc_column_text]L\u2019exp\u00e9rience de 2015 est r\u00e9cente et elle a \u00e9t\u00e9 un franc succ\u00e8s. Des projets d\u2019expansion dans ce domaine sont sur la table\u2026[\/vc_column_text][\/vc_column][vc_column width=&#8221;1\/4&#8243;][\/vc_column][\/vc_row][vc_row][vc_column width=&#8221;1\/4&#8243;][\/vc_column][vc_column width=&#8221;1\/2&#8243;][titleblock title=&#8221;Balayage de stationnements&#8221;][vc_column_text]Les Entreprises Jeroca Inc. offrent les services de balayage m\u00e9canique pour vos stationnements. Apr\u00e8s toutes les rigueurs de l\u2019hiver, le printemps est le moment id\u00e9al pour le nettoyage de vos stationnements. Trois \u00e9quipements diff\u00e9rents se chargent de balayer les surfaces. Vous aurez une cour sans granulat et sans d\u00e9bris. Avant le passage de la grosse machinerie, le d\u00e9coupage est fait au souffleur \u00e0 feuilles ou au balai-brosse \u00e0 essence pour les d\u00e9bris humides ou coll\u00e9s. Lorsque nous quittons votre cour, tout est charg\u00e9 dans la remorque. Demandez \u00e0 un ado de faire un tour avec sa planche \u00e0 roulettes et vous aurez son approbation sur la qualit\u00e9 du travail effectu\u00e9 ![\/vc_column_text][\/vc_column][vc_column width=&#8221;1\/4&#8243;][\/vc_column][\/vc_row]<\/p>\n","protected":false},"excerpt":{"rendered":"<p>[vc_row][vc_column width=&#8221;1\/4&#8243;][\/vc_column][vc_column width=&#8221;1\/2&#8243;][titleblock title=&#8221;Balayage municipal&#8221;][vc_column_text]L\u2019exp\u00e9rience de 2015 est r\u00e9cente et elle a \u00e9t\u00e9 un franc succ\u00e8s. Des projets d\u2019expansion dans ce domaine sont sur la table\u2026[\/vc_column_text][\/vc_column][vc_column width=&#8221;1\/4&#8243;][\/vc_column][\/vc_row][vc_row][vc_column width=&#8221;1\/4&#8243;][\/vc_column][vc_column width=&#8221;1\/2&#8243;][titleblock title=&#8221;Balayage de stationnements&#8221;][vc_column_text]Les Entreprises Jeroca Inc. offrent les services de balayage m\u00e9canique pour vos stationnements. Apr\u00e8s toutes les rigueurs de l\u2019hiver, le printemps est le moment [&hellip;]<\/p>\n","protected":false},"author":1,"featured_media":0,"parent":14,"menu_order":0,"comment_status":"closed","ping_status":"closed","template":"template-fullwidth.php","meta":{"footnotes":""},"class_list":["post-74","page","type-page","status-publish","hentry"],"_links":{"self":[{"href":"https:\/\/www.jeroca.com\/fr\/wp-json\/wp\/v2\/pages\/74","targetHints":{"allow":["GET"]}}],"collection":[{"href":"https:\/\/www.jeroca.com\/fr\/wp-json\/wp\/v2\/pages"}],"about":[{"href":"https:\/\/www.jeroca.com\/fr\/wp-json\/wp\/v2\/types\/page"}],"author":[{"embeddable":true,"href":"https:\/\/www.jeroca.com\/fr\/wp-json\/wp\/v2\/users\/1"}],"replies":[{"embeddable":true,"href":"https:\/\/www.jeroca.com\/fr\/wp-json\/wp\/v2\/comments?post=74"}],"version-history":[{"count":1,"href":"https:\/\/www.jeroca.com\/fr\/wp-json\/wp\/v2\/pages\/74\/revisions"}],"predecessor-version":[{"id":75,"href":"https:\/\/www.jeroca.com\/fr\/wp-json\/wp\/v2\/pages\/74\/revisions\/75"}],"up":[{"embeddable":true,"href":"https:\/\/www.jeroca.com\/fr\/wp-json\/wp\/v2\/pages\/14"}],"wp:attachment":[{"href":"https:\/\/www.jeroca.com\/fr\/wp-json\/wp\/v2\/media?parent=74"}],"curies":[{"name":"wp","href":"https:\/\/api.w.org\/{rel}","templated":true}]}}