{"id":164,"date":"2016-02-23T22:03:31","date_gmt":"2016-02-24T03:03:31","guid":{"rendered":"http:\/\/jeroca.com\/fr\/?page_id=164"},"modified":"2019-01-07T14:13:40","modified_gmt":"2019-01-07T19:13:40","slug":"accueil","status":"publish","type":"page","link":"https:\/\/www.jeroca.com\/fr\/","title":{"rendered":"Accueil"},"content":{"rendered":"<p>[vc_row][vc_column][vc_column_text]<\/p>\n<h2>Bienvenue chez Les Entreprises Jeroca Inc.<\/h2>\n<p>&nbsp;<\/p>\n<p>Situ\u00e9es dans les Basses Laurentides depuis 2008, Les Entreprises Jeroca Inc. offrent un service de qualit\u00e9 pour le d\u00e9neigement commercial et r\u00e9sidentiel. Les services de balayage, de terrassement et de marquage se sont ajout\u00e9s au fil des ans.<\/p>\n<p>&nbsp;<\/p>\n<p>Selon votre int\u00e9r\u00eat et vos besoins, n\u2019h\u00e9sitez pas \u00e0 en apprendre plus sur chacun de nos services ou consultez la rubrique nous joindre pour que notre \u00e9quipe entre en contact avec vous tr\u00e8s rapidement.<\/p>\n<p>[\/vc_column_text][\/vc_column][\/vc_row][vc_row full_width=&#8221;stretch_row&#8221;][vc_column width=&#8221;1\/4&#8243;][vc_custom_heading text=&#8221;D\u00c9NEIGEMENT&#8221; font_container=&#8221;tag:h4|text_align:left&#8221; use_theme_fonts=&#8221;yes&#8221; css=&#8221;.vc_custom_1459522272674{margin-top: 0px !important;}&#8221; link=&#8221;url:http%3A%2F%2Fjeroca.com%2Ffr%2Fservices%2Fdeneigements%2F||&#8221;][vc_single_image image=&#8221;196&#8243; img_size=&#8221;large&#8221; onclick=&#8221;custom_link&#8221; link=&#8221;http:\/\/jeroca.com\/fr\/services\/deneigements\/&#8221;][\/vc_column][vc_column width=&#8221;1\/4&#8243;][vc_custom_heading text=&#8221;BALAYAGE M\u00c9CANIQUE&#8221; font_container=&#8221;tag:h4|text_align:left&#8221; use_theme_fonts=&#8221;yes&#8221; css=&#8221;.vc_custom_1459522279045{margin-top: 0px !important;}&#8221; link=&#8221;url:http%3A%2F%2Fjeroca.com%2Ffr%2Fservices%2Fbalayage_mecanique%2F||&#8221;][vc_single_image image=&#8221;200&#8243; img_size=&#8221;large&#8221; onclick=&#8221;custom_link&#8221; link=&#8221;http:\/\/jeroca.com\/fr\/services\/balayage_mecanique\/&#8221;][\/vc_column][vc_column width=&#8221;1\/4&#8243;][vc_custom_heading text=&#8221;TERRASSEMENT&#8221; font_container=&#8221;tag:h4|text_align:left&#8221; use_theme_fonts=&#8221;yes&#8221; css=&#8221;.vc_custom_1459522286875{margin-top: 0px !important;}&#8221; link=&#8221;url:http%3A%2F%2Fjeroca.com%2Ffr%2Fservices%2Fterrassement%2F||&#8221;][vc_single_image image=&#8221;203&#8243; img_size=&#8221;large&#8221; onclick=&#8221;custom_link&#8221; link=&#8221;http:\/\/jeroca.com\/fr\/services\/terrassement\/&#8221;][\/vc_column][vc_column width=&#8221;1\/4&#8243;][vc_custom_heading text=&#8221;MARQUAGE ET SIGNALISATION&#8221; font_container=&#8221;tag:h4|text_align:left&#8221; use_theme_fonts=&#8221;yes&#8221; css=&#8221;.vc_custom_1459522235122{margin-top: 0px !important;}&#8221; link=&#8221;url:http%3A%2F%2Fjeroca.com%2Ffr%2Fservices%2Fmarquage_signalisation%2F||&#8221;][vc_single_image image=&#8221;201&#8243; img_size=&#8221;large&#8221; onclick=&#8221;custom_link&#8221; link=&#8221;http:\/\/jeroca.com\/fr\/services\/marquage_signalisation\/&#8221;][\/vc_column][\/vc_row]<\/p>\n","protected":false},"excerpt":{"rendered":"<p>[vc_row][vc_column][vc_column_text] Bienvenue chez Les Entreprises Jeroca Inc. &nbsp; Situ\u00e9es dans les Basses Laurentides depuis 2008, Les Entreprises Jeroca Inc. offrent un service de qualit\u00e9 pour le d\u00e9neigement commercial et r\u00e9sidentiel. Les services de balayage, de terrassement et de marquage se sont ajout\u00e9s au fil des ans. &nbsp; Selon votre int\u00e9r\u00eat et vos besoins, n\u2019h\u00e9sitez pas [&hellip;]<\/p>\n","protected":false},"author":1,"featured_media":0,"parent":0,"menu_order":0,"comment_status":"closed","ping_status":"closed","template":"template-fullwidth.php","meta":{"footnotes":""},"class_list":["post-164","page","type-page","status-publish","hentry"],"_links":{"self":[{"href":"https:\/\/www.jeroca.com\/fr\/wp-json\/wp\/v2\/pages\/164","targetHints":{"allow":["GET"]}}],"collection":[{"href":"https:\/\/www.jeroca.com\/fr\/wp-json\/wp\/v2\/pages"}],"about":[{"href":"https:\/\/www.jeroca.com\/fr\/wp-json\/wp\/v2\/types\/page"}],"author":[{"embeddable":true,"href":"https:\/\/www.jeroca.com\/fr\/wp-json\/wp\/v2\/users\/1"}],"replies":[{"embeddable":true,"href":"https:\/\/www.jeroca.com\/fr\/wp-json\/wp\/v2\/comments?post=164"}],"version-history":[{"count":3,"href":"https:\/\/www.jeroca.com\/fr\/wp-json\/wp\/v2\/pages\/164\/revisions"}],"predecessor-version":[{"id":250,"href":"https:\/\/www.jeroca.com\/fr\/wp-json\/wp\/v2\/pages\/164\/revisions\/250"}],"wp:attachment":[{"href":"https:\/\/www.jeroca.com\/fr\/wp-json\/wp\/v2\/media?parent=164"}],"curies":[{"name":"wp","href":"https:\/\/api.w.org\/{rel}","templated":true}]}}