{"id":16,"date":"2015-12-29T15:39:02","date_gmt":"2015-12-29T20:39:02","guid":{"rendered":"http:\/\/jeroca.com\/fr\/?page_id=16"},"modified":"2017-07-04T13:40:33","modified_gmt":"2017-07-04T17:40:33","slug":"deneigements","status":"publish","type":"page","link":"https:\/\/www.jeroca.com\/fr\/services\/deneigements\/","title":{"rendered":"D\u00e9neigements"},"content":{"rendered":"<p>[vc_row 0=&#8221;&#8221;][vc_column width=&#8221;1\/4&#8243;][\/vc_column][vc_column width=&#8221;1\/2&#8243;][titleblock title=&#8221;D\u00e9neigement&#8221;][vc_column_text 0=&#8221;&#8221;]Les Entreprises Jeroca Inc. offrent les services de d\u00e9neigement commercial et r\u00e9sidentiel. Plusieurs \u00e9quipements permettent de pousser, tirer ou souffler la neige. Certains \u00e9quipements peuvent entrer dans des endroits plus restreints\u00a0: moins de 7 pieds de large tandis que d\u2019autres ont des lames \u00e0 neige extensibles qui vont de 8 \u00e0 14 pieds de large, id\u00e9al pour les moyennes et grandes surfaces.[\/vc_column_text][\/vc_column][vc_column width=&#8221;1\/4&#8243;][\/vc_column][\/vc_row][vc_row 0=&#8221;&#8221;][vc_column width=&#8221;1\/4&#8243;][\/vc_column][vc_column width=&#8221;1\/2&#8243;][titleblock title=&#8221;Abrasifs et fondants&#8221;][vc_column_text 0=&#8221;&#8221;]L\u2019\u00e9pandage d\u2019abrasifs est un service appr\u00e9ci\u00e9 de nos clients commerciaux. Selon les conditions m\u00e9t\u00e9orologiques, le fondant \u00e0 glace peut \u00eatre utilis\u00e9. Nous utilisons le sel trait\u00e9 au chlorure de magn\u00e9sium. Celui-ci est utilis\u00e9 par temps froid et une quantit\u00e9 moindre est n\u00e9cessaire par rapport au sel traditionnel.[\/vc_column_text][\/vc_column][vc_column width=&#8221;1\/4&#8243;][\/vc_column][\/vc_row][vc_row 0=&#8221;&#8221;][vc_column width=&#8221;1\/4&#8243;][\/vc_column][vc_column width=&#8221;1\/2&#8243;][titleblock title=&#8221;Pelletage&#8221;][vc_column_text 0=&#8221;&#8221;]<\/p>\n<p>Les \u00e9quipes de pelleteurs se charge de d\u00e9neiger manuellement vos trottoirs, escaliers, balcons, devants de portes, sorties de secours, etc.<\/p>\n<p>[\/vc_column_text][\/vc_column][vc_column width=&#8221;1\/4&#8243;][\/vc_column][\/vc_row][vc_row 0=&#8221;&#8221;][vc_column width=&#8221;1\/4&#8243;][\/vc_column][vc_column width=&#8221;1\/2&#8243;][titleblock title=&#8221;Bacs \u00e0 sel&#8221;][vc_column_text 0=&#8221;&#8221;]Plusieurs bacs \u00e0 sel sont \u00e0 la disposition des clients qui font d\u00e9neiger manuellement leurs trottoirs, balcons, etc. Ces bacs sont r\u00e9guli\u00e8rement remplis durant l\u2019hiver. Vous pourrez ainsi utiliser le sel pour rendre vos surfaces s\u00e9curitaires ou mon \u00e9quipe de pelleteurs s\u2019en chargera.[\/vc_column_text][\/vc_column][vc_column width=&#8221;1\/4&#8243;][\/vc_column][\/vc_row][vc_row 0=&#8221;&#8221;][vc_column width=&#8221;1\/4&#8243;][\/vc_column][vc_column width=&#8221;1\/2&#8243;][titleblock title=&#8221;Transport de neige &#8220;][vc_column_text 0=&#8221;&#8221;]Pour compl\u00e9ter nos services en d\u00e9neigement, nous offrons aussi le chargement de la neige avec chargeur sur roues ou par souffleuse. Diff\u00e9rents formats de camions sont \u00e0 la disposition de notre client\u00e8le.[\/vc_column_text][\/vc_column][vc_column width=&#8221;1\/4&#8243;][\/vc_column][\/vc_row]<\/p>\n","protected":false},"excerpt":{"rendered":"<p>[vc_row 0=&#8221;&#8221;][vc_column width=&#8221;1\/4&#8243;][\/vc_column][vc_column width=&#8221;1\/2&#8243;][titleblock title=&#8221;D\u00e9neigement&#8221;][vc_column_text 0=&#8221;&#8221;]Les Entreprises Jeroca Inc. offrent les services de d\u00e9neigement commercial et r\u00e9sidentiel. Plusieurs \u00e9quipements permettent de pousser, tirer ou souffler la neige. Certains \u00e9quipements peuvent entrer dans des endroits plus restreints\u00a0: moins de 7 pieds de large tandis que d\u2019autres ont des lames \u00e0 neige extensibles qui vont de 8 [&hellip;]<\/p>\n","protected":false},"author":1,"featured_media":0,"parent":14,"menu_order":0,"comment_status":"closed","ping_status":"closed","template":"template-fullwidth.php","meta":{"footnotes":""},"class_list":["post-16","page","type-page","status-publish","hentry"],"_links":{"self":[{"href":"https:\/\/www.jeroca.com\/fr\/wp-json\/wp\/v2\/pages\/16","targetHints":{"allow":["GET"]}}],"collection":[{"href":"https:\/\/www.jeroca.com\/fr\/wp-json\/wp\/v2\/pages"}],"about":[{"href":"https:\/\/www.jeroca.com\/fr\/wp-json\/wp\/v2\/types\/page"}],"author":[{"embeddable":true,"href":"https:\/\/www.jeroca.com\/fr\/wp-json\/wp\/v2\/users\/1"}],"replies":[{"embeddable":true,"href":"https:\/\/www.jeroca.com\/fr\/wp-json\/wp\/v2\/comments?post=16"}],"version-history":[{"count":3,"href":"https:\/\/www.jeroca.com\/fr\/wp-json\/wp\/v2\/pages\/16\/revisions"}],"predecessor-version":[{"id":237,"href":"https:\/\/www.jeroca.com\/fr\/wp-json\/wp\/v2\/pages\/16\/revisions\/237"}],"up":[{"embeddable":true,"href":"https:\/\/www.jeroca.com\/fr\/wp-json\/wp\/v2\/pages\/14"}],"wp:attachment":[{"href":"https:\/\/www.jeroca.com\/fr\/wp-json\/wp\/v2\/media?parent=16"}],"curies":[{"name":"wp","href":"https:\/\/api.w.org\/{rel}","templated":true}]}}