{"id":14,"date":"2015-12-29T15:38:37","date_gmt":"2015-12-29T14:38:37","guid":{"rendered":"http:\/\/jeroca.com\/fr\/?page_id=14"},"modified":"2016-04-01T10:51:28","modified_gmt":"2016-04-01T14:51:28","slug":"services","status":"publish","type":"page","link":"https:\/\/www.jeroca.com\/fr\/services\/","title":{"rendered":"Services"},"content":{"rendered":"<p>[vc_row full_width=&#8221;stretch_row&#8221;][vc_column width=&#8221;1\/4&#8243;][vc_custom_heading text=&#8221;D\u00c9NEIGEMENT&#8221; font_container=&#8221;tag:h4|text_align:left&#8221; use_theme_fonts=&#8221;yes&#8221; css=&#8221;.vc_custom_1459522272674{margin-top: 0px !important;}&#8221; link=&#8221;url:http%3A%2F%2Fjeroca.com%2Ffr%2Fservices%2Fdeneigements%2F||&#8221;][vc_single_image image=&#8221;196&#8243; img_size=&#8221;large&#8221; onclick=&#8221;custom_link&#8221; link=&#8221;http:\/\/jeroca.com\/fr\/services\/deneigements\/&#8221;][vc_column_text css=&#8221;.vc_custom_1459520440850{margin-bottom: 15px !important;}&#8221;]<\/p>\n<ul>\n<li>D\u00e9neigement commercial<\/li>\n<li>D\u00e9neigement r\u00e9sidentiel<\/li>\n<li>Abrasifs et fondants<\/li>\n<li>Bacs \u00e0 sel<\/li>\n<li>Pelletage<\/li>\n<li>Transport de neige<\/li>\n<\/ul>\n<p>[\/vc_column_text][\/vc_column][vc_column width=&#8221;1\/4&#8243;][vc_custom_heading text=&#8221;BALAYAGE M\u00c9CANIQUE&#8221; font_container=&#8221;tag:h4|text_align:left&#8221; use_theme_fonts=&#8221;yes&#8221; css=&#8221;.vc_custom_1459522279045{margin-top: 0px !important;}&#8221; link=&#8221;url:http%3A%2F%2Fjeroca.com%2Ffr%2Fservices%2Fbalayage_mecanique%2F||&#8221;][vc_single_image image=&#8221;200&#8243; img_size=&#8221;large&#8221; onclick=&#8221;custom_link&#8221; link=&#8221;http:\/\/jeroca.com\/fr\/services\/balayage_mecanique\/&#8221;][vc_column_text css=&#8221;.vc_custom_1459521268523{margin-bottom: 15px !important;}&#8221;]<\/p>\n<ul>\n<li>Balayage de stationnements<\/li>\n<li>Balayage municipal<\/li>\n<\/ul>\n<p>[\/vc_column_text][\/vc_column][vc_column width=&#8221;1\/4&#8243;][vc_custom_heading text=&#8221;TERRASSEMENT&#8221; font_container=&#8221;tag:h4|text_align:left&#8221; use_theme_fonts=&#8221;yes&#8221; css=&#8221;.vc_custom_1459522286875{margin-top: 0px !important;}&#8221; link=&#8221;url:http%3A%2F%2Fjeroca.com%2Ffr%2Fservices%2Fterrassement%2F||&#8221;][vc_single_image image=&#8221;203&#8243; img_size=&#8221;large&#8221; onclick=&#8221;custom_link&#8221; link=&#8221;http:\/\/jeroca.com\/fr\/services\/terrassement\/&#8221;][vc_column_text css=&#8221;.vc_custom_1459522001248{margin-bottom: 15px !important;}&#8221;] Ce service est en pleine expansion. La fourniture, le nivellement, la pose de remblai, de concass\u00e9, de terre v\u00e9g\u00e9tale (topsoil), de gazon en plaques et la plantation d\u2019arbres sont maintenant chose courante durant la saison estivale et ce, jusqu\u2019\u00e0 la fin octobre. [\/vc_column_text][\/vc_column][vc_column width=&#8221;1\/4&#8243;][vc_custom_heading text=&#8221;MARQUAGE ET SIGNALISATION&#8221; font_container=&#8221;tag:h4|text_align:left&#8221; use_theme_fonts=&#8221;yes&#8221; css=&#8221;.vc_custom_1459522235122{margin-top: 0px !important;}&#8221; link=&#8221;url:http%3A%2F%2Fjeroca.com%2Ffr%2Fservices%2Fmarquage_signalisation%2F||&#8221;][vc_single_image image=&#8221;201&#8243; img_size=&#8221;large&#8221; onclick=&#8221;custom_link&#8221; link=&#8221;http:\/\/jeroca.com\/fr\/services\/marquage_signalisation\/&#8221;][vc_column_text css=&#8221;.vc_custom_1459521575138{margin-bottom: 15px !important;}&#8221;]<\/p>\n<ul>\n<li>Marquage de lignes de stationnement<\/li>\n<li>Marquage de jeux (cour d\u2019\u00e9cole)<\/li>\n<li>Marquage routier<\/li>\n<\/ul>\n<p>[\/vc_column_text][\/vc_column][\/vc_row]<\/p>\n","protected":false},"excerpt":{"rendered":"<p>[vc_row full_width=&#8221;stretch_row&#8221;][vc_column width=&#8221;1\/4&#8243;][vc_custom_heading text=&#8221;D\u00c9NEIGEMENT&#8221; font_container=&#8221;tag:h4|text_align:left&#8221; use_theme_fonts=&#8221;yes&#8221; css=&#8221;.vc_custom_1459522272674{margin-top: 0px !important;}&#8221; link=&#8221;url:http%3A%2F%2Fjeroca.com%2Ffr%2Fservices%2Fdeneigements%2F||&#8221;][vc_single_image image=&#8221;196&#8243; img_size=&#8221;large&#8221; onclick=&#8221;custom_link&#8221; link=&#8221;http:\/\/jeroca.com\/fr\/services\/deneigements\/&#8221;][vc_column_text css=&#8221;.vc_custom_1459520440850{margin-bottom: 15px !important;}&#8221;] D\u00e9neigement commercial D\u00e9neigement r\u00e9sidentiel Abrasifs et fondants Bacs \u00e0 sel Pelletage Transport de neige [\/vc_column_text][\/vc_column][vc_column width=&#8221;1\/4&#8243;][vc_custom_heading text=&#8221;BALAYAGE M\u00c9CANIQUE&#8221; font_container=&#8221;tag:h4|text_align:left&#8221; use_theme_fonts=&#8221;yes&#8221; css=&#8221;.vc_custom_1459522279045{margin-top: 0px !important;}&#8221; link=&#8221;url:http%3A%2F%2Fjeroca.com%2Ffr%2Fservices%2Fbalayage_mecanique%2F||&#8221;][vc_single_image image=&#8221;200&#8243; img_size=&#8221;large&#8221; onclick=&#8221;custom_link&#8221; link=&#8221;http:\/\/jeroca.com\/fr\/services\/balayage_mecanique\/&#8221;][vc_column_text css=&#8221;.vc_custom_1459521268523{margin-bottom: 15px !important;}&#8221;] Balayage de stationnements Balayage municipal [\/vc_column_text][\/vc_column][vc_column width=&#8221;1\/4&#8243;][vc_custom_heading [&hellip;]<\/p>\n","protected":false},"author":1,"featured_media":0,"parent":0,"menu_order":0,"comment_status":"closed","ping_status":"closed","template":"template-fullwidth.php","meta":{"footnotes":""},"class_list":["post-14","page","type-page","status-publish","hentry"],"_links":{"self":[{"href":"https:\/\/www.jeroca.com\/fr\/wp-json\/wp\/v2\/pages\/14","targetHints":{"allow":["GET"]}}],"collection":[{"href":"https:\/\/www.jeroca.com\/fr\/wp-json\/wp\/v2\/pages"}],"about":[{"href":"https:\/\/www.jeroca.com\/fr\/wp-json\/wp\/v2\/types\/page"}],"author":[{"embeddable":true,"href":"https:\/\/www.jeroca.com\/fr\/wp-json\/wp\/v2\/users\/1"}],"replies":[{"embeddable":true,"href":"https:\/\/www.jeroca.com\/fr\/wp-json\/wp\/v2\/comments?post=14"}],"version-history":[{"count":3,"href":"https:\/\/www.jeroca.com\/fr\/wp-json\/wp\/v2\/pages\/14\/revisions"}],"predecessor-version":[{"id":191,"href":"https:\/\/www.jeroca.com\/fr\/wp-json\/wp\/v2\/pages\/14\/revisions\/191"}],"wp:attachment":[{"href":"https:\/\/www.jeroca.com\/fr\/wp-json\/wp\/v2\/media?parent=14"}],"curies":[{"name":"wp","href":"https:\/\/api.w.org\/{rel}","templated":true}]}}